{"id":5408,"date":"2023-11-05T08:22:58","date_gmt":"2023-11-05T07:22:58","guid":{"rendered":"https:\/\/pulainfo.hr\/?page_id=5408"},"modified":"2025-08-01T14:22:20","modified_gmt":"2025-08-01T12:22:20","slug":"kontakt","status":"publish","type":"page","link":"https:\/\/pulainfo.hr\/hr\/kontakt\/","title":{"rendered":"Kontaktirajte nas"},"content":{"rendered":"<p>Forum 3<br \/>\n52100 Pula<br \/>\n+385 52 219 197<br \/>\n<a href=\"mailto:info@pulainfo.hr\">info@pulainfo.hr<\/a><\/p>\n<h2>Infopunkt<\/h2>\n<p><strong>Sije\u010danj, Velja\u010da, O\u017eujak, Travanj, Listopad, Studeni i Prosinac<\/strong><br \/>\nponedjeljak \u2014 petak 9 \u2014 16 h<\/p>\n<p><strong>Svibanj <\/strong><br \/>\nponedjeljak \u2014 subota 8 \u2014 18 h<br \/>\nsubota, nedjelja i blagdan 10 \u2014 18 h<\/p>\n<p><strong>Lipanj<\/strong><br \/>\nponedjeljak \u2014 petak 8 \u2013 20 h<br \/>\nsubota, nedjelja i blagdan 9 \u2014 20 h<\/p>\n<p><strong>Srpanj, Kolovoz<\/strong><br \/>\nponedjeljak \u2014 petak 8 \u2014 21 h<br \/>\nsubota, nedjelja i blagdan 9 \u2014 21 h<\/p>\n<p><strong>Rujan<\/strong><br \/>\nponedjeljak \u2014 petak 8 \u2014 20 h<br \/>\nsubota, nedjelja i blagdan 9 \u2014 20 h<\/p>\n<p>Sve turisti\u010dke i servisne informacije mogu se na\u0107i na turisti\u010dkom info punktu u srcu grada Pule, na Forumu.<\/p>\n","protected":false},"excerpt":{"rendered":"<p>Forum 3 52100 Pula +385 52 219 197 info@pulainfo.hr Infopunkt Sije\u010danj, Velja\u010da, O\u017eujak, Travanj, Listopad, &#8230;<\/p>\n","protected":false},"author":1,"featured_media":0,"parent":0,"menu_order":43,"comment_status":"closed","ping_status":"closed","template":"template-contact.php","meta":{"_acf_changed":false,"inline_featured_image":false,"footnotes":""},"class_list":["post-5408","page","type-page","status-publish","hentry"],"acf":[],"yoast_head":"<!-- This site is optimized with the Yoast SEO plugin v27.4 - https:\/\/yoast.com\/product\/yoast-seo-wordpress\/ -->\n<title>Kontaktirajte nas - Tourism Office Pula<\/title>\n<meta name=\"robots\" content=\"index, follow, max-snippet:-1, max-image-preview:large, max-video-preview:-1\" \/>\n<link rel=\"canonical\" href=\"https:\/\/pulainfo.hr\/hr\/kontakt\/\" \/>\n<meta property=\"og:locale\" content=\"hr_HR\" \/>\n<meta property=\"og:type\" content=\"article\" \/>\n<meta property=\"og:title\" content=\"Kontaktirajte nas - Tourism Office Pula\" \/>\n<meta property=\"og:description\" content=\"Forum 3 52100 Pula +385 52 219 197 info@pulainfo.hr Infopunkt Sije\u010danj, Velja\u010da, O\u017eujak, Travanj, Listopad, ...\" \/>\n<meta property=\"og:url\" content=\"https:\/\/pulainfo.hr\/hr\/kontakt\/\" \/>\n<meta property=\"og:site_name\" content=\"Tourism Office Pula\" \/>\n<meta property=\"article:modified_time\" content=\"2025-08-01T12:22:20+00:00\" \/>\n<meta name=\"twitter:card\" content=\"summary_large_image\" \/>\n<meta name=\"twitter:label1\" content=\"Procijenjeno vrijeme \u010ditanja\" \/>\n\t<meta name=\"twitter:data1\" content=\"1 minuta\" \/>\n<script type=\"application\/ld+json\" class=\"yoast-schema-graph\">{\"@context\":\"https:\\\/\\\/schema.org\",\"@graph\":[{\"@type\":\"WebPage\",\"@id\":\"https:\\\/\\\/pulainfo.hr\\\/hr\\\/kontakt\\\/\",\"url\":\"https:\\\/\\\/pulainfo.hr\\\/hr\\\/kontakt\\\/\",\"name\":\"Kontaktirajte nas - Tourism Office Pula\",\"isPartOf\":{\"@id\":\"https:\\\/\\\/pulainfo.hr\\\/#website\"},\"datePublished\":\"2023-11-05T07:22:58+00:00\",\"dateModified\":\"2025-08-01T12:22:20+00:00\",\"breadcrumb\":{\"@id\":\"https:\\\/\\\/pulainfo.hr\\\/hr\\\/kontakt\\\/#breadcrumb\"},\"inLanguage\":\"hr\",\"potentialAction\":[{\"@type\":\"ReadAction\",\"target\":[\"https:\\\/\\\/pulainfo.hr\\\/hr\\\/kontakt\\\/\"]}]},{\"@type\":\"BreadcrumbList\",\"@id\":\"https:\\\/\\\/pulainfo.hr\\\/hr\\\/kontakt\\\/#breadcrumb\",\"itemListElement\":[{\"@type\":\"ListItem\",\"position\":1,\"name\":\"Po\u010detna stranica\",\"item\":\"https:\\\/\\\/pulainfo.hr\\\/hr\\\/\"},{\"@type\":\"ListItem\",\"position\":2,\"name\":\"Kontaktirajte nas\"}]},{\"@type\":\"WebSite\",\"@id\":\"https:\\\/\\\/pulainfo.hr\\\/#website\",\"url\":\"https:\\\/\\\/pulainfo.hr\\\/\",\"name\":\"Tourism Office Pula\",\"description\":\"Tourism Office Pula - Official web site\",\"publisher\":{\"@id\":\"https:\\\/\\\/pulainfo.hr\\\/#organization\"},\"potentialAction\":[{\"@type\":\"SearchAction\",\"target\":{\"@type\":\"EntryPoint\",\"urlTemplate\":\"https:\\\/\\\/pulainfo.hr\\\/?s={search_term_string}\"},\"query-input\":{\"@type\":\"PropertyValueSpecification\",\"valueRequired\":true,\"valueName\":\"search_term_string\"}}],\"inLanguage\":\"hr\"},{\"@type\":\"Organization\",\"@id\":\"https:\\\/\\\/pulainfo.hr\\\/#organization\",\"name\":\"Tourism Office Pula\",\"url\":\"https:\\\/\\\/pulainfo.hr\\\/\",\"logo\":{\"@type\":\"ImageObject\",\"inLanguage\":\"hr\",\"@id\":\"https:\\\/\\\/pulainfo.hr\\\/#\\\/schema\\\/logo\\\/image\\\/\",\"url\":\"https:\\\/\\\/pulainfo.hr\\\/wp-content\\\/uploads\\\/2023\\\/10\\\/logo.svg\",\"contentUrl\":\"https:\\\/\\\/pulainfo.hr\\\/wp-content\\\/uploads\\\/2023\\\/10\\\/logo.svg\",\"width\":171,\"height\":59,\"caption\":\"Tourism Office Pula\"},\"image\":{\"@id\":\"https:\\\/\\\/pulainfo.hr\\\/#\\\/schema\\\/logo\\\/image\\\/\"}}]}<\/script>\n<!-- \/ Yoast SEO plugin. -->","yoast_head_json":{"title":"Kontaktirajte nas - Tourism Office Pula","robots":{"index":"index","follow":"follow","max-snippet":"max-snippet:-1","max-image-preview":"max-image-preview:large","max-video-preview":"max-video-preview:-1"},"canonical":"https:\/\/pulainfo.hr\/hr\/kontakt\/","og_locale":"hr_HR","og_type":"article","og_title":"Kontaktirajte nas - Tourism Office Pula","og_description":"Forum 3 52100 Pula +385 52 219 197 info@pulainfo.hr Infopunkt Sije\u010danj, Velja\u010da, O\u017eujak, Travanj, Listopad, ...","og_url":"https:\/\/pulainfo.hr\/hr\/kontakt\/","og_site_name":"Tourism Office Pula","article_modified_time":"2025-08-01T12:22:20+00:00","twitter_card":"summary_large_image","twitter_misc":{"Procijenjeno vrijeme \u010ditanja":"1 minuta"},"schema":{"@context":"https:\/\/schema.org","@graph":[{"@type":"WebPage","@id":"https:\/\/pulainfo.hr\/hr\/kontakt\/","url":"https:\/\/pulainfo.hr\/hr\/kontakt\/","name":"Kontaktirajte nas - Tourism Office Pula","isPartOf":{"@id":"https:\/\/pulainfo.hr\/#website"},"datePublished":"2023-11-05T07:22:58+00:00","dateModified":"2025-08-01T12:22:20+00:00","breadcrumb":{"@id":"https:\/\/pulainfo.hr\/hr\/kontakt\/#breadcrumb"},"inLanguage":"hr","potentialAction":[{"@type":"ReadAction","target":["https:\/\/pulainfo.hr\/hr\/kontakt\/"]}]},{"@type":"BreadcrumbList","@id":"https:\/\/pulainfo.hr\/hr\/kontakt\/#breadcrumb","itemListElement":[{"@type":"ListItem","position":1,"name":"Po\u010detna stranica","item":"https:\/\/pulainfo.hr\/hr\/"},{"@type":"ListItem","position":2,"name":"Kontaktirajte nas"}]},{"@type":"WebSite","@id":"https:\/\/pulainfo.hr\/#website","url":"https:\/\/pulainfo.hr\/","name":"Tourism Office Pula","description":"Tourism Office Pula - Official web site","publisher":{"@id":"https:\/\/pulainfo.hr\/#organization"},"potentialAction":[{"@type":"SearchAction","target":{"@type":"EntryPoint","urlTemplate":"https:\/\/pulainfo.hr\/?s={search_term_string}"},"query-input":{"@type":"PropertyValueSpecification","valueRequired":true,"valueName":"search_term_string"}}],"inLanguage":"hr"},{"@type":"Organization","@id":"https:\/\/pulainfo.hr\/#organization","name":"Tourism Office Pula","url":"https:\/\/pulainfo.hr\/","logo":{"@type":"ImageObject","inLanguage":"hr","@id":"https:\/\/pulainfo.hr\/#\/schema\/logo\/image\/","url":"https:\/\/pulainfo.hr\/wp-content\/uploads\/2023\/10\/logo.svg","contentUrl":"https:\/\/pulainfo.hr\/wp-content\/uploads\/2023\/10\/logo.svg","width":171,"height":59,"caption":"Tourism Office Pula"},"image":{"@id":"https:\/\/pulainfo.hr\/#\/schema\/logo\/image\/"}}]}},"_links":{"self":[{"href":"https:\/\/pulainfo.hr\/hr\/wp-json\/wp\/v2\/pages\/5408","targetHints":{"allow":["GET"]}}],"collection":[{"href":"https:\/\/pulainfo.hr\/hr\/wp-json\/wp\/v2\/pages"}],"about":[{"href":"https:\/\/pulainfo.hr\/hr\/wp-json\/wp\/v2\/types\/page"}],"author":[{"embeddable":true,"href":"https:\/\/pulainfo.hr\/hr\/wp-json\/wp\/v2\/users\/1"}],"replies":[{"embeddable":true,"href":"https:\/\/pulainfo.hr\/hr\/wp-json\/wp\/v2\/comments?post=5408"}],"version-history":[{"count":14,"href":"https:\/\/pulainfo.hr\/hr\/wp-json\/wp\/v2\/pages\/5408\/revisions"}],"predecessor-version":[{"id":26832,"href":"https:\/\/pulainfo.hr\/hr\/wp-json\/wp\/v2\/pages\/5408\/revisions\/26832"}],"wp:attachment":[{"href":"https:\/\/pulainfo.hr\/hr\/wp-json\/wp\/v2\/media?parent=5408"}],"curies":[{"name":"wp","href":"https:\/\/api.w.org\/{rel}","templated":true}]}}